{"id":444,"date":"2013-05-23T17:04:21","date_gmt":"2013-05-23T15:04:21","guid":{"rendered":"http:\/\/www.fellert.com\/?page_id=444"},"modified":"2013-05-23T17:04:21","modified_gmt":"2013-05-23T15:04:21","slug":"kulturer","status":"publish","type":"page","link":"https:\/\/www.fellert.com\/sv\/kulturer\/","title":{"rendered":"Kulturer"},"content":{"rendered":"<p>Vad \u00e4r en byggnad egentligen? Ett antal pusselbitar av varierande material och storlek, sammansatt f\u00f6r att uppfylla en funktion eller l\u00f6sa ett behov \u2013 sinnrikt, kalkylerat och kostnadseffektivt utf\u00f6rt. Eller \u00e4r det helt enkelt summan av alla inblandade; fr\u00e5n arkitekten och de enskilda hantverkarna \u2013 till de som flyttar in och befolkar denna yta, som utg\u00f6r sj\u00e4lva byggnaden? Vi vill tro s\u00e5. Varje projekt har sitt egna uttryck, sitt symbolspr\u00e5k, sina lagar \u2013 kulturella krafter som str\u00e4cker sig l\u00e5ngt utanf\u00f6r ritbordet. Vi kallar det kort och gott Fellertkulturer.<\/p>\n","protected":false},"excerpt":{"rendered":"<p>Vad \u00e4r en byggnad egentligen? Ett antal pusselbitar av varierande material och storlek, sammansatt f\u00f6r att uppfylla en funktion eller l\u00f6sa ett behov \u2013 sinnrikt, kalkylerat och kostnadseffektivt utf\u00f6rt. Eller \u00e4r det helt enkelt summan av alla inblandade; fr\u00e5n arkitekten och de enskilda hantverkarna \u2013 till de som flyttar in och befolkar denna yta, som [&hellip;]<\/p>\n","protected":false},"author":1,"featured_media":0,"parent":0,"menu_order":1,"comment_status":"open","ping_status":"closed","template":"page-cultures.php","meta":{"_mi_skip_tracking":false,"_links_to":"","_links_to_target":""},"acf":[],"_links":{"self":[{"href":"https:\/\/www.fellert.com\/sv\/wp-json\/wp\/v2\/pages\/444"}],"collection":[{"href":"https:\/\/www.fellert.com\/sv\/wp-json\/wp\/v2\/pages"}],"about":[{"href":"https:\/\/www.fellert.com\/sv\/wp-json\/wp\/v2\/types\/page"}],"author":[{"embeddable":true,"href":"https:\/\/www.fellert.com\/sv\/wp-json\/wp\/v2\/users\/1"}],"replies":[{"embeddable":true,"href":"https:\/\/www.fellert.com\/sv\/wp-json\/wp\/v2\/comments?post=444"}],"version-history":[{"count":2,"href":"https:\/\/www.fellert.com\/sv\/wp-json\/wp\/v2\/pages\/444\/revisions"}],"predecessor-version":[{"id":535,"href":"https:\/\/www.fellert.com\/sv\/wp-json\/wp\/v2\/pages\/444\/revisions\/535"}],"wp:attachment":[{"href":"https:\/\/www.fellert.com\/sv\/wp-json\/wp\/v2\/media?parent=444"}],"curies":[{"name":"wp","href":"https:\/\/api.w.org\/{rel}","templated":true}]}}