{"id":457,"date":"2013-05-24T10:09:20","date_gmt":"2013-05-24T08:09:20","guid":{"rendered":"http:\/\/www.fellert.com\/?page_id=457"},"modified":"2022-01-21T16:28:20","modified_gmt":"2022-01-21T15:28:20","slug":"projekt","status":"publish","type":"page","link":"https:\/\/www.fellert.com\/sv\/projekt\/","title":{"rendered":"Projekt"},"content":{"rendered":"<p>Vi gillar referenser. H\u00e4r \u00e4r det slut med p\u00e5f\u00e5geldansen och upp till bevis; skarpa l\u00f6sningar, riktiga byggnader, budget och allvar. Walk the talk, liksom. Vi har d\u00e4rf\u00f6r lagt lite extra m\u00f6da p\u00e5 att faktiskt ber\u00e4tta n\u00e5got om varje projekt. Kanske hittar du n\u00e5got att inspireras av.<br \/>\nDu hittar fler inspirerande referenser p\u00e5 <a href=\"https:\/\/styjl.com\/references\/\">Styjls hemsida<\/a>.<\/p>\n","protected":false},"excerpt":{"rendered":"<p>Vi gillar referenser. H\u00e4r \u00e4r det slut med p\u00e5f\u00e5geldansen och upp till bevis; skarpa l\u00f6sningar, riktiga byggnader, budget och allvar. Walk the talk, liksom. Vi har d\u00e4rf\u00f6r lagt lite extra m\u00f6da p\u00e5 att faktiskt ber\u00e4tta n\u00e5got om varje projekt. Kanske hittar du n\u00e5got att inspireras av. Du hittar fler inspirerande referenser p\u00e5 Styjls hemsida.<\/p>\n","protected":false},"author":1,"featured_media":0,"parent":0,"menu_order":2,"comment_status":"open","ping_status":"closed","template":"page-cases.php","meta":{"_mi_skip_tracking":false,"_links_to":"","_links_to_target":""},"acf":[],"_links":{"self":[{"href":"https:\/\/www.fellert.com\/sv\/wp-json\/wp\/v2\/pages\/457"}],"collection":[{"href":"https:\/\/www.fellert.com\/sv\/wp-json\/wp\/v2\/pages"}],"about":[{"href":"https:\/\/www.fellert.com\/sv\/wp-json\/wp\/v2\/types\/page"}],"author":[{"embeddable":true,"href":"https:\/\/www.fellert.com\/sv\/wp-json\/wp\/v2\/users\/1"}],"replies":[{"embeddable":true,"href":"https:\/\/www.fellert.com\/sv\/wp-json\/wp\/v2\/comments?post=457"}],"version-history":[{"count":6,"href":"https:\/\/www.fellert.com\/sv\/wp-json\/wp\/v2\/pages\/457\/revisions"}],"predecessor-version":[{"id":13149,"href":"https:\/\/www.fellert.com\/sv\/wp-json\/wp\/v2\/pages\/457\/revisions\/13149"}],"wp:attachment":[{"href":"https:\/\/www.fellert.com\/sv\/wp-json\/wp\/v2\/media?parent=457"}],"curies":[{"name":"wp","href":"https:\/\/api.w.org\/{rel}","templated":true}]}}