{"id":459,"date":"2013-05-24T10:12:14","date_gmt":"2013-05-24T08:12:14","guid":{"rendered":"http:\/\/www.fellert.com\/?page_id=459"},"modified":"2018-06-12T15:31:09","modified_gmt":"2018-06-12T13:31:09","slug":"produkter","status":"publish","type":"page","link":"https:\/\/www.fellert.com\/sv\/produkter\/","title":{"rendered":"Produkter"},"content":{"rendered":"<h3>Even Better Designtak<\/h3>\n<p><strong>Good Looks &#8211; Great Sound, i alla l\u00e4gen. Hela id\u00e9n med Even Better \u00e4r att f\u00f6rena design och akustik, att ta bort on\u00f6diga kompromisser i designprocessen, att f\u00f6renkla f\u00f6r alla led, fr\u00e5n arkitekt, designer, och entrepren\u00f6r till klient och slutanv\u00e4ndare.<\/strong><\/p>\n<p><strong>Installera det p\u00e5 v\u00e4ggar och tak. P\u00e5 platta som v\u00e4lvda ytor. S\u00f6ml\u00f6st, utan \u00f6vre gr\u00e4ns f\u00f6r hur\u00a0stora ytor som kan g\u00f6ras i ett stycke, utan synliga skarvar. Lek med f\u00e4rg, lek med textur.\u00a0<\/strong><strong>Inga kompromisser, inga specialanpassningar, snabbare, enklare, b\u00e4ttre &#8211; Even Better helt enkelt.<\/strong><\/p>\n<p><strong>V\u00e4lj finish nedan och ta en kik:<\/strong><\/p>\n","protected":false},"excerpt":{"rendered":"<p>Even Better Designtak Good Looks &#8211; Great Sound, i alla l\u00e4gen. Hela id\u00e9n med Even Better \u00e4r att f\u00f6rena design och akustik, att ta bort on\u00f6diga kompromisser i designprocessen, att f\u00f6renkla f\u00f6r alla led, fr\u00e5n arkitekt, designer, och entrepren\u00f6r till klient och slutanv\u00e4ndare. Installera det p\u00e5 v\u00e4ggar och tak. P\u00e5 platta som v\u00e4lvda ytor. S\u00f6ml\u00f6st, [&hellip;]<\/p>\n","protected":false},"author":1,"featured_media":0,"parent":0,"menu_order":6,"comment_status":"open","ping_status":"closed","template":"page-products.php","meta":{"_mi_skip_tracking":false,"_links_to":"","_links_to_target":""},"acf":[],"_links":{"self":[{"href":"https:\/\/www.fellert.com\/sv\/wp-json\/wp\/v2\/pages\/459"}],"collection":[{"href":"https:\/\/www.fellert.com\/sv\/wp-json\/wp\/v2\/pages"}],"about":[{"href":"https:\/\/www.fellert.com\/sv\/wp-json\/wp\/v2\/types\/page"}],"author":[{"embeddable":true,"href":"https:\/\/www.fellert.com\/sv\/wp-json\/wp\/v2\/users\/1"}],"replies":[{"embeddable":true,"href":"https:\/\/www.fellert.com\/sv\/wp-json\/wp\/v2\/comments?post=459"}],"version-history":[{"count":40,"href":"https:\/\/www.fellert.com\/sv\/wp-json\/wp\/v2\/pages\/459\/revisions"}],"predecessor-version":[{"id":10410,"href":"https:\/\/www.fellert.com\/sv\/wp-json\/wp\/v2\/pages\/459\/revisions\/10410"}],"wp:attachment":[{"href":"https:\/\/www.fellert.com\/sv\/wp-json\/wp\/v2\/media?parent=459"}],"curies":[{"name":"wp","href":"https:\/\/api.w.org\/{rel}","templated":true}]}}