{"id":471,"date":"2013-05-24T10:23:15","date_gmt":"2013-05-24T08:23:15","guid":{"rendered":"http:\/\/www.fellert.com\/?page_id=471"},"modified":"2017-01-03T09:34:26","modified_gmt":"2017-01-03T08:34:26","slug":"great-sound","status":"publish","type":"page","link":"https:\/\/www.fellert.com\/sv\/produkter\/acoustical-plaster-systems\/great-sound\/","title":{"rendered":"Great sound"},"content":{"rendered":"<div class=\"row-fluid\">\n<p><img loading=\"lazy\" class=\"alignright size-full wp-image-4704\" src=\"http:\/\/www.fellert.com\/wp-content\/uploads\/2013\/06\/great-sound-360.png\" alt=\"Great Sound\" width=\"360\" height=\"390\" \/>V\u00e4lvda former, specifika strukturer, noggrant utvalda f\u00e4rger och material. Glas, sten, betong. Val som alla begr\u00e4nsar m\u00f6jligheterna till att utforma bra akustik.<\/p>\n<p>Stora visioner och en vilja att s\u00e4tta s\u00e4rpr\u00e4gel p\u00e5 objekten inneb\u00e4r inte s\u00e4llan stora utmaningar att realisera i praktiken och d\u00e5 inte minst vad det g\u00e4ller rummens ljudmilj\u00f6. Med andra ord: buller och oh\u00e4lsa. Men arkitektoniska dr\u00f6mmar g\u00e5r att kombinera med ansl\u00e5ende ljudmilj\u00f6er; det som vi s\u00e5 frankt p\u00e5pekar med rubriken ovan.<\/p>\n<p>Den korta versionen slutar h\u00e4r \u2013 lyssna g\u00e4rna p\u00e5 ljudfilerna (nedan, h\u00f6ger?) hur Fellert faktiskt g\u00f6r skillnad. Men f\u00f6r dig som fortfarande k\u00e4nner ett entr\u00e4get intresse f\u00f6r f\u00f6rdjupning, t.ex. om buller kan vi varmt rekommendera att klicka p\u00e5 f\u00f6rsta rubriken nedan. Tillh\u00f6r du den f\u00e5h\u00f6vdade skaran som dagligen utbyter tankar kring Hz och \u03b1w alternativt \u00e4r en vidsynt arkitekt skadar det inte att l\u00e4sa vidare nedan.<\/p>\n<p>Gr\u00f6na egenskaper. Naturligtvis.<br \/>\nV\u00e5ra produkter baseras i h\u00f6g grad p\u00e5 \u00e5tervunnet material och helt naturliga r\u00e5varor, vilket generar po\u00e4ng enligt LEED-systemet. Vidare innehar v\u00e5ra l\u00f6sningar alla n\u00f6dv\u00e4ndiga certifikat f\u00f6r b\u00e5de offentliga milj\u00f6er och privata bost\u00e4der.<\/p>\n<p>V\u00e5ra l\u00f6sningar f\u00e5r endast installeras av utbildade Fellert-installat\u00f6rer f\u00f6r att s\u00e4kerst\u00e4lla s\u00e5v\u00e4l funktion som estetiska kvaliteter.<\/p>\n<\/div>\n<div class=\"row-fluid\">\n<div class=\"span6\"><strong>F\u00f6re behandling<\/strong><br \/>\n<iframe width=\"475\" height=\"166\" scrolling=\"no\" frameborder=\"no\" src=\"https:\/\/w.soundcloud.com\/player?url=http%3A%2F%2Fapi.soundcloud.com%2Ftracks%2F65483661&visual=true&auto_play=false&show_artwork=false&color=8bc440\"><\/iframe><\/div>\n<div class=\"span6\"><strong>Efter behandling<\/strong><br \/>\n<iframe width=\"475\" height=\"166\" scrolling=\"no\" frameborder=\"no\" src=\"https:\/\/w.soundcloud.com\/player?url=http%3A%2F%2Fapi.soundcloud.com%2Ftracks%2F65483660&visual=true&auto_play=false&show_artwork=false&color=8bc440\"><\/iframe><\/div>\n<\/div>\n<p><a title=\"Buller och sanit\u00e4ra ol\u00e4genheter\" href=\"http:\/\/www.fellert.com\/sv\/produkter\/great-sound\/buller-och-sanitara-olagenheter\/\">Buller och sanit\u00e4ra ol\u00e4genheter<\/a><br \/>\n<a title=\"Det \u00e4r de l\u00e5ga frekvenserna som betyder n\u00e5got\" href=\"http:\/\/www.fellert.com\/sv\/produkter\/great-sound\/det-ar-de-laga-frekvenserna-som-betyder-nagot\/\">Det \u00e4r de l\u00e5ga frekvenserna som betyder n\u00e5got<\/a><\/p>\n","protected":false},"excerpt":{"rendered":"<p>V\u00e4lvda former, specifika strukturer, noggrant utvalda f\u00e4rger och material. Glas, sten, betong. Val som alla begr\u00e4nsar m\u00f6jligheterna till att utforma bra akustik. Stora visioner och en vilja att s\u00e4tta s\u00e4rpr\u00e4gel p\u00e5 objekten inneb\u00e4r inte s\u00e4llan stora utmaningar att realisera i praktiken och d\u00e5 inte minst vad det g\u00e4ller rummens ljudmilj\u00f6. Med andra ord: buller och [&hellip;]<\/p>\n","protected":false},"author":1,"featured_media":4000,"parent":6431,"menu_order":3,"comment_status":"open","ping_status":"closed","template":"page-single-gsgl.php","meta":{"_mi_skip_tracking":false,"_links_to":"","_links_to_target":""},"acf":[],"_links":{"self":[{"href":"https:\/\/www.fellert.com\/sv\/wp-json\/wp\/v2\/pages\/471"}],"collection":[{"href":"https:\/\/www.fellert.com\/sv\/wp-json\/wp\/v2\/pages"}],"about":[{"href":"https:\/\/www.fellert.com\/sv\/wp-json\/wp\/v2\/types\/page"}],"author":[{"embeddable":true,"href":"https:\/\/www.fellert.com\/sv\/wp-json\/wp\/v2\/users\/1"}],"replies":[{"embeddable":true,"href":"https:\/\/www.fellert.com\/sv\/wp-json\/wp\/v2\/comments?post=471"}],"version-history":[{"count":21,"href":"https:\/\/www.fellert.com\/sv\/wp-json\/wp\/v2\/pages\/471\/revisions"}],"predecessor-version":[{"id":10196,"href":"https:\/\/www.fellert.com\/sv\/wp-json\/wp\/v2\/pages\/471\/revisions\/10196"}],"up":[{"embeddable":true,"href":"https:\/\/www.fellert.com\/sv\/wp-json\/wp\/v2\/pages\/6431"}],"wp:featuredmedia":[{"embeddable":true,"href":"https:\/\/www.fellert.com\/sv\/wp-json\/wp\/v2\/media\/4000"}],"wp:attachment":[{"href":"https:\/\/www.fellert.com\/sv\/wp-json\/wp\/v2\/media?parent=471"}],"curies":[{"name":"wp","href":"https:\/\/api.w.org\/{rel}","templated":true}]}}