{"id":473,"date":"2013-05-24T10:23:47","date_gmt":"2013-05-24T08:23:47","guid":{"rendered":"http:\/\/www.fellert.com\/?page_id=473"},"modified":"2019-04-02T11:33:17","modified_gmt":"2019-04-02T09:33:17","slug":"good-looks","status":"publish","type":"page","link":"https:\/\/www.fellert.com\/sv\/produkter\/acoustical-plaster-systems\/good-looks\/","title":{"rendered":"Good looks"},"content":{"rendered":"<p><img loading=\"lazy\" class=\"alignright size-full wp-image-4705\" src=\"http:\/\/www.fellert.com\/wp-content\/uploads\/2013\/04\/looks360.png\" alt=\"Good Looks\" width=\"360\" height=\"420\" srcset=\"https:\/\/www.fellert.com\/wp-content\/uploads\/2013\/04\/looks360.png 360w, https:\/\/www.fellert.com\/wp-content\/uploads\/2013\/04\/looks360-257x300.png 257w\" sizes=\"(max-width: 360px) 100vw, 360px\" \/>Fellerts skarvl\u00f6sa designtak \u00e4r speciellt utvecklat f\u00f6r att vara skarvl\u00f6st. L\u00e5ter det konstigt? Inte alls. Med tanke p\u00e5 att alla p\u00e5 marknaden f\u00f6rekommande tak har interna begr\u00e4nsningar, ofta redan vid 150 kvadratmeter. Vi t\u00e4nker\u2026 tv\u00e4rtom. Med ett v\u00e5ra l\u00f6sningar s\u00e5 kommer du v\u00e4ldig s\u00e4llan eller till och med aldrig hamna i situationen att beh\u00f6va rita in en r\u00f6relsefog p\u00e5 grund av systemets begr\u00e4nsningar. L\u00e5ngt innan det skulle kunna bli aktuellt s\u00e5 har du n\u00e5tt en v\u00e4gg eller en ny sektion av byggnaden.<\/p>\n<p>Even Better erbjuder ocks\u00e5 fullst\u00e4ndig designfrihet. F\u00e4rga v\u00e5ra produkter som du vill, lek med ytstrukturer och t\u00e4nk utanf\u00f6r boxen n\u00e4r det kommer till takets former. Allt \u00e4r m\u00f6jligt.<\/p>\n<p>Fellert Even Better \u00e4r ocks\u00e5 speciellt utvecklat f\u00f6r att vara lika estetiskt tilltalande under hela dess livsl\u00e4ngd. Akustiktak \u00e4r konstruerade att absorbera ljud s\u00e5 bra som m\u00f6jligt och f\u00f6r att lyckas med detta s\u00e5 beh\u00f6ver de vara por\u00f6sa. En por\u00f6s yta som samtidigt ska se sl\u00e4t och skarvl\u00f6s ut kan l\u00e4tt skadas. Det kan bli fl\u00e4ckar, st\u00f6tm\u00e4rken, repor eller ansamlingar av smuts. Med vetskapen om detta s\u00e5 \u00e4r det ju ganska konstigt att de flesta f\u00f6rekommande produkter p\u00e5 marknaden inte kan repareras, vilket \u00e4r b\u00e5de dyrt och opraktiskt. Even Betters designtak \u00a0kan alltid ges nytt liv och fr\u00e4sch\u00f6r genom en speciell reaktiveringsteknik.<\/p>\n<p>Beh\u00f6ver du \u00e5tkomst till n\u00e5gon installation ovanf\u00f6r taket? Inga problem vi har t\u00e4nkt p\u00e5 det ocks\u00e5, Fellerts inspektionslucka \u00e4r designad f\u00f6r att ge en diskret m\u00f6jlighet till \u00e5tkomst, utan att f\u00f6rs\u00e4mra akustiken. Den \u00e4r helt anpassad till v\u00e5rt akustiksystem &#8211; inga specialanpassningar beh\u00f6vs.<\/p>\n<p>Och om du skulle titta upp en dag och \u00f6nska att du hade installerat ett Fellert-tak ist\u00e4llet f\u00f6r det d\u00e4r andra taket som nu ser smutsigt och tr\u00e5kigt ut, eller du kanske har ett Fellert-tak som du vill byta f\u00e4rg p\u00e5. Vi har t\u00e4nkt p\u00e5 det ocks\u00e5. Med v\u00e5r acoustical coating fr\u00e4schar du l\u00e4tt upp tr\u00e5kiga tak och du kan f\u00e5 det i vilken kul\u00f6r du vill. Varf\u00f6r m\u00e5ste ett tak vara vitt? Man bara undrar.<\/p>\n","protected":false},"excerpt":{"rendered":"<p>Fellerts skarvl\u00f6sa designtak \u00e4r speciellt utvecklat f\u00f6r att vara skarvl\u00f6st. L\u00e5ter det konstigt? Inte alls. Med tanke p\u00e5 att alla p\u00e5 marknaden f\u00f6rekommande tak har interna begr\u00e4nsningar, ofta redan vid 150 kvadratmeter. Vi t\u00e4nker\u2026 tv\u00e4rtom. Med ett v\u00e5ra l\u00f6sningar s\u00e5 kommer du v\u00e4ldig s\u00e4llan eller till och med aldrig hamna i situationen att beh\u00f6va rita [&hellip;]<\/p>\n","protected":false},"author":1,"featured_media":3999,"parent":6431,"menu_order":5,"comment_status":"open","ping_status":"closed","template":"page-single-gsgl.php","meta":{"_mi_skip_tracking":false,"_links_to":"","_links_to_target":""},"acf":[],"_links":{"self":[{"href":"https:\/\/www.fellert.com\/sv\/wp-json\/wp\/v2\/pages\/473"}],"collection":[{"href":"https:\/\/www.fellert.com\/sv\/wp-json\/wp\/v2\/pages"}],"about":[{"href":"https:\/\/www.fellert.com\/sv\/wp-json\/wp\/v2\/types\/page"}],"author":[{"embeddable":true,"href":"https:\/\/www.fellert.com\/sv\/wp-json\/wp\/v2\/users\/1"}],"replies":[{"embeddable":true,"href":"https:\/\/www.fellert.com\/sv\/wp-json\/wp\/v2\/comments?post=473"}],"version-history":[{"count":27,"href":"https:\/\/www.fellert.com\/sv\/wp-json\/wp\/v2\/pages\/473\/revisions"}],"predecessor-version":[{"id":11155,"href":"https:\/\/www.fellert.com\/sv\/wp-json\/wp\/v2\/pages\/473\/revisions\/11155"}],"up":[{"embeddable":true,"href":"https:\/\/www.fellert.com\/sv\/wp-json\/wp\/v2\/pages\/6431"}],"wp:featuredmedia":[{"embeddable":true,"href":"https:\/\/www.fellert.com\/sv\/wp-json\/wp\/v2\/media\/3999"}],"wp:attachment":[{"href":"https:\/\/www.fellert.com\/sv\/wp-json\/wp\/v2\/media?parent=473"}],"curies":[{"name":"wp","href":"https:\/\/api.w.org\/{rel}","templated":true}]}}