{"id":489,"date":"2013-05-24T11:14:37","date_gmt":"2013-05-24T09:14:37","guid":{"rendered":"http:\/\/www.fellert.com\/?page_id=489"},"modified":"2013-06-20T12:17:37","modified_gmt":"2013-06-20T10:17:37","slug":"press-2","status":"publish","type":"page","link":"https:\/\/www.fellert.com\/sv\/press-2\/","title":{"rendered":"Press"},"content":{"rendered":"<p class=\"lead\">God dag, \u00e4rev\u00f6rdige representant f\u00f6r tredje statsmakten. Ja, h\u00e4r hittar du det v\u00e4sentliga om oss; kontaktuppgifter, pressreleaser, bilder du kan publicera (gl\u00f6m inte vem som pl\u00e5tat vad, \u00e4r du hygglig). \u00c4r det n\u00e5got du undrar \u00f6ver s\u00e5 sl\u00e5 mig en signal eller hysta iv\u00e4g ett mail eller tv\u00e5. M\u00e5nga \u00e4r nyfikna p\u00e5 v\u00e5ra uppdrag och d\u00e4r finns alltid mycket att ber\u00e4tta. Rent fysiskt huserar vi (n\u00e4stan) l\u00e4ngst upp i en av Bor\u00e5s m\u00e5nga skyskrapor. Sv\u00e4ng f\u00f6rbi, kaffet \u00e4r helt ok, svart och hett som helvetet och ett tv\u00e4tt\u00e4kta Star Wars-flipper st\u00e5r blinkar i ett h\u00f6rn. N\u00e4mnde jag f\u00f6rresten v\u00e5rt trof\u00e9sk\u00e5p med artefakter fr\u00e5n Fellerts \u00e5rliga odyss\u00e9er?<\/p>\n<p>Pressansvarig:<br \/>\nMichael Rosenberg<\/p>\n<p>Fellert Acoustical Ceilings AB<br \/>\nKyrk\u00e4ngsgatan 6<br \/>\n50338 Bor\u00e5s<br \/>\nTel: +46 (33) 430 23 10<br \/>\nE-post: info@fellert.com<br \/>\nHemsida: www.fellert.com<\/p>\n","protected":false},"excerpt":{"rendered":"<p>God dag, \u00e4rev\u00f6rdige representant f\u00f6r tredje statsmakten. Ja, h\u00e4r hittar du det v\u00e4sentliga om oss; kontaktuppgifter, pressreleaser, bilder du kan publicera (gl\u00f6m inte vem som pl\u00e5tat vad, \u00e4r du hygglig). \u00c4r det n\u00e5got du undrar \u00f6ver s\u00e5 sl\u00e5 mig en signal eller hysta iv\u00e4g ett mail eller tv\u00e5. M\u00e5nga \u00e4r nyfikna p\u00e5 v\u00e5ra uppdrag och [&hellip;]<\/p>\n","protected":false},"author":1,"featured_media":0,"parent":0,"menu_order":8,"comment_status":"open","ping_status":"closed","template":"page-press.php","meta":{"_mi_skip_tracking":false,"_links_to":"","_links_to_target":""},"acf":[],"_links":{"self":[{"href":"https:\/\/www.fellert.com\/sv\/wp-json\/wp\/v2\/pages\/489"}],"collection":[{"href":"https:\/\/www.fellert.com\/sv\/wp-json\/wp\/v2\/pages"}],"about":[{"href":"https:\/\/www.fellert.com\/sv\/wp-json\/wp\/v2\/types\/page"}],"author":[{"embeddable":true,"href":"https:\/\/www.fellert.com\/sv\/wp-json\/wp\/v2\/users\/1"}],"replies":[{"embeddable":true,"href":"https:\/\/www.fellert.com\/sv\/wp-json\/wp\/v2\/comments?post=489"}],"version-history":[{"count":5,"href":"https:\/\/www.fellert.com\/sv\/wp-json\/wp\/v2\/pages\/489\/revisions"}],"predecessor-version":[{"id":4040,"href":"https:\/\/www.fellert.com\/sv\/wp-json\/wp\/v2\/pages\/489\/revisions\/4040"}],"wp:attachment":[{"href":"https:\/\/www.fellert.com\/sv\/wp-json\/wp\/v2\/media?parent=489"}],"curies":[{"name":"wp","href":"https:\/\/api.w.org\/{rel}","templated":true}]}}