{"id":491,"date":"2013-05-24T11:16:10","date_gmt":"2013-05-24T09:16:10","guid":{"rendered":"http:\/\/www.fellert.com\/?page_id=491"},"modified":"2022-01-21T16:24:07","modified_gmt":"2022-01-21T15:24:07","slug":"kontakt","status":"publish","type":"page","link":"https:\/\/www.fellert.com\/sv\/kontakt\/","title":{"rendered":"Kontakt"},"content":{"rendered":"<p class=\"lead\">N\u00e5gra av v\u00e5ra mest lyckade projekt har b\u00f6rjat med att n\u00e5gon st\u00e4llt en knivig fr\u00e5ga eller varit fly f\u00f6rbannad. Andra f\u00f6retag gillar att h\u00e5lla l\u00e5g profil, men vi p\u00e5 Fellert \u00e4r inget riktigt funtade p\u00e5 det viset. Vi sticker g\u00e4rna ut hakan och l\u00e4gger n\u00e4san i bl\u00f6t \u2013 och vi uppskattar n\u00e4r andra g\u00f6r det ocks\u00e5. D\u00e4rmed bjuder vi upp till dans. V\u00e4lj kanal och media nedan. H\u00f6res!<\/p>\n<p>Fellert Acoustical Ceilings AB\/Styjl AB<br \/>\nKyrk\u00e4ngsgatan 6<br \/>\n50338 Bor\u00e5s<br \/>\nTel: +46 (33) 430 23 10<br \/>\nE-post: <a href=\"mailto:info@styjl.com\">info@styjl.com<\/a><\/p>\n<p><a href=\"https:\/\/styjl.com\/whats-next\/#contact\">Kontakta Styjl<\/a><\/p>\n","protected":false},"excerpt":{"rendered":"<p>N\u00e5gra av v\u00e5ra mest lyckade projekt har b\u00f6rjat med att n\u00e5gon st\u00e4llt en knivig fr\u00e5ga eller varit fly f\u00f6rbannad. Andra f\u00f6retag gillar att h\u00e5lla l\u00e5g profil, men vi p\u00e5 Fellert \u00e4r inget riktigt funtade p\u00e5 det viset. Vi sticker g\u00e4rna ut hakan och l\u00e4gger n\u00e4san i bl\u00f6t \u2013 och vi uppskattar n\u00e4r andra g\u00f6r det [&hellip;]<\/p>\n","protected":false},"author":1,"featured_media":0,"parent":0,"menu_order":9,"comment_status":"open","ping_status":"closed","template":"page-contact.php","meta":{"_mi_skip_tracking":false,"_links_to":"","_links_to_target":""},"acf":[],"_links":{"self":[{"href":"https:\/\/www.fellert.com\/sv\/wp-json\/wp\/v2\/pages\/491"}],"collection":[{"href":"https:\/\/www.fellert.com\/sv\/wp-json\/wp\/v2\/pages"}],"about":[{"href":"https:\/\/www.fellert.com\/sv\/wp-json\/wp\/v2\/types\/page"}],"author":[{"embeddable":true,"href":"https:\/\/www.fellert.com\/sv\/wp-json\/wp\/v2\/users\/1"}],"replies":[{"embeddable":true,"href":"https:\/\/www.fellert.com\/sv\/wp-json\/wp\/v2\/comments?post=491"}],"version-history":[{"count":7,"href":"https:\/\/www.fellert.com\/sv\/wp-json\/wp\/v2\/pages\/491\/revisions"}],"predecessor-version":[{"id":13143,"href":"https:\/\/www.fellert.com\/sv\/wp-json\/wp\/v2\/pages\/491\/revisions\/13143"}],"wp:attachment":[{"href":"https:\/\/www.fellert.com\/sv\/wp-json\/wp\/v2\/media?parent=491"}],"curies":[{"name":"wp","href":"https:\/\/api.w.org\/{rel}","templated":true}]}}