{"id":499,"date":"2013-05-24T11:26:38","date_gmt":"2013-05-24T09:26:38","guid":{"rendered":"http:\/\/www.fellert.com\/?page_id=499"},"modified":"2016-12-21T08:45:21","modified_gmt":"2016-12-21T07:45:21","slug":"om-fellert","status":"publish","type":"page","link":"https:\/\/www.fellert.com\/sv\/om-fellert\/","title":{"rendered":"Om Fellert"},"content":{"rendered":"<p class=\"lead\">\u00a0Good looks. Great sound.<\/p>\n<p>\u00c4r v\u00e4rlden mogen f\u00f6r designtak med akustiska kvaliteter? Det skulle i s\u00e5 fall vara p\u00e5 tiden. Det byggs n\u00e4mligen alldeles f\u00f6r mycket utan n\u00e4rmare eftertanke. H\u00f6ga byggnader. Anm\u00e4rkningsv\u00e4rda byggnader. Inredning f\u00f6r miljoner och \u00e5ter miljoner. Eller r\u00e4ttare sagt, det r\u00e4knas och kalkyleras p\u00e5 mycket, men de vackra formerna och det goda ljudet har ofta helt ignorerats eller rationaliserats bort. D\u00e5liga ljudmilj\u00f6er \u00e4r f\u00f6r\u00f6vrigt ett v\u00e4xande samh\u00e4llsproblem \u2013 med s\u00f6mnst\u00f6rningar, koncentrationssv\u00e5righeter, stress och sjukskrivningar som efterf\u00f6ljande resultat. G\u00f6r gemensam sak med oss och v\u00e4gra oestetiska l\u00f6sningar, underm\u00e5ligt ljud och f\u00f6rs\u00e4mrad h\u00e4lsa. St\u00e5 upp f\u00f6r din besk\u00e4rda av god arkitektur och anslut dig till det vi kallar: Great sound, good looks. Vi utg\u00e5r fr\u00e5n Bor\u00e5s, Sverige \u2013 ett f\u00f6rvisso litet land i ytterkanten av den civiliserade v\u00e4rlden, men med stor talang f\u00f6r banbrytande id\u00e9er med globalt genomslag. Sexuell frig\u00f6relse, v\u00e4lf\u00e4rdsmodeller, fildelning och Lisbet Salander. Addera akustiktak med full designfrihet till den listan.<\/p>\n<p><img loading=\"lazy\" width=\"420\" height=\"70\" class=\"size-medium wp-image-4015\" src=\"http:\/\/www.fellert.com\/wp-content\/uploads\/2013\/05\/about-spread-the-word.png\" alt=\"about-spread-the-word\" srcset=\"https:\/\/www.fellert.com\/wp-content\/uploads\/2013\/05\/about-spread-the-word.png 420w, https:\/\/www.fellert.com\/wp-content\/uploads\/2013\/05\/about-spread-the-word-300x50.png 300w\" sizes=\"(max-width: 420px) 100vw, 420px\" \/><\/p>\n","protected":false},"excerpt":{"rendered":"<p>\u00a0Good looks. Great sound. \u00c4r v\u00e4rlden mogen f\u00f6r designtak med akustiska kvaliteter? Det skulle i s\u00e5 fall vara p\u00e5 tiden. Det byggs n\u00e4mligen alldeles f\u00f6r mycket utan n\u00e4rmare eftertanke. H\u00f6ga byggnader. Anm\u00e4rkningsv\u00e4rda byggnader. Inredning f\u00f6r miljoner och \u00e5ter miljoner. Eller r\u00e4ttare sagt, det r\u00e4knas och kalkyleras p\u00e5 mycket, men de vackra formerna och det goda [&hellip;]<\/p>\n","protected":false},"author":1,"featured_media":4638,"parent":0,"menu_order":4,"comment_status":"open","ping_status":"closed","template":"page-editorial.php","meta":{"_mi_skip_tracking":false,"_links_to":"","_links_to_target":""},"acf":[],"_links":{"self":[{"href":"https:\/\/www.fellert.com\/sv\/wp-json\/wp\/v2\/pages\/499"}],"collection":[{"href":"https:\/\/www.fellert.com\/sv\/wp-json\/wp\/v2\/pages"}],"about":[{"href":"https:\/\/www.fellert.com\/sv\/wp-json\/wp\/v2\/types\/page"}],"author":[{"embeddable":true,"href":"https:\/\/www.fellert.com\/sv\/wp-json\/wp\/v2\/users\/1"}],"replies":[{"embeddable":true,"href":"https:\/\/www.fellert.com\/sv\/wp-json\/wp\/v2\/comments?post=499"}],"version-history":[{"count":33,"href":"https:\/\/www.fellert.com\/sv\/wp-json\/wp\/v2\/pages\/499\/revisions"}],"predecessor-version":[{"id":9969,"href":"https:\/\/www.fellert.com\/sv\/wp-json\/wp\/v2\/pages\/499\/revisions\/9969"}],"wp:featuredmedia":[{"embeddable":true,"href":"https:\/\/www.fellert.com\/sv\/wp-json\/wp\/v2\/media\/4638"}],"wp:attachment":[{"href":"https:\/\/www.fellert.com\/sv\/wp-json\/wp\/v2\/media?parent=499"}],"curies":[{"name":"wp","href":"https:\/\/api.w.org\/{rel}","templated":true}]}}