{"id":509,"date":"2013-05-24T13:08:01","date_gmt":"2013-05-24T11:08:01","guid":{"rendered":"http:\/\/www.fellert.com\/?page_id=509"},"modified":"2017-03-09T13:48:27","modified_gmt":"2017-03-09T12:48:27","slug":"bestall-var-provbox","status":"publish","type":"page","link":"https:\/\/www.fellert.com\/sv\/bestall-var-provbox\/","title":{"rendered":"Best\u00e4ll v\u00e5r provbox"},"content":{"rendered":"<p>N\u00e4r den banbrytande filmen <em>Polyester<\/em> med sina specialdesignade luktkort hade premi\u00e4r p\u00e5 biograferna, tog den 3D till en helt ny niv\u00e5.<\/p>\n<p>Vi vill ocks\u00e5 att du b\u00e5de ska kunna se och k\u00e4nna Fellert \u2013 best\u00e4ll v\u00e5r provbox. \u00c4r du ute efter en specifik kul\u00f6r? Sj\u00e4lvklart kan du best\u00e4lla dina prover i just den kul\u00f6ren. Titta, k\u00e4nn och lukta p\u00e5 de olika ytstrukturerna! Funkar den f\u00e4rgen? Passar det med \u00f6vriga element?<\/p>\n<p>S\u00e4tt den p\u00e5 din mood board och se efter!<\/p>\n<p>En annan kul\u00f6r? Beh\u00f6ver du fler? Helt ok &#8211; det \u00e4r bara att best\u00e4lla ett nytt.<\/p>\n<p>Vita standardprover har du i din hand inom en vecka. Vill du ha en specifik f\u00e4rg kan det ta n\u00e5gon dag l\u00e4ngre, gl\u00f6m i s\u00e5 fall inte att fylla i f\u00e4rgkoden l\u00e4ngst ned.<\/p>\n<p>Lycka till med ditt projekt!<\/p>\n","protected":false},"excerpt":{"rendered":"<p>N\u00e4r den banbrytande filmen Polyester med sina specialdesignade luktkort hade premi\u00e4r p\u00e5 biograferna, tog den 3D till en helt ny niv\u00e5. Vi vill ocks\u00e5 att du b\u00e5de ska kunna se och k\u00e4nna Fellert \u2013 best\u00e4ll v\u00e5r provbox. \u00c4r du ute efter en specifik kul\u00f6r? Sj\u00e4lvklart kan du best\u00e4lla dina prover i just den kul\u00f6ren. Titta, [&hellip;]<\/p>\n","protected":false},"author":1,"featured_media":0,"parent":0,"menu_order":17,"comment_status":"open","ping_status":"open","template":"page-order-the-box.php","meta":{"_mi_skip_tracking":false,"_links_to":"","_links_to_target":""},"acf":[],"_links":{"self":[{"href":"https:\/\/www.fellert.com\/sv\/wp-json\/wp\/v2\/pages\/509"}],"collection":[{"href":"https:\/\/www.fellert.com\/sv\/wp-json\/wp\/v2\/pages"}],"about":[{"href":"https:\/\/www.fellert.com\/sv\/wp-json\/wp\/v2\/types\/page"}],"author":[{"embeddable":true,"href":"https:\/\/www.fellert.com\/sv\/wp-json\/wp\/v2\/users\/1"}],"replies":[{"embeddable":true,"href":"https:\/\/www.fellert.com\/sv\/wp-json\/wp\/v2\/comments?post=509"}],"version-history":[{"count":14,"href":"https:\/\/www.fellert.com\/sv\/wp-json\/wp\/v2\/pages\/509\/revisions"}],"predecessor-version":[{"id":10268,"href":"https:\/\/www.fellert.com\/sv\/wp-json\/wp\/v2\/pages\/509\/revisions\/10268"}],"wp:attachment":[{"href":"https:\/\/www.fellert.com\/sv\/wp-json\/wp\/v2\/media?parent=509"}],"curies":[{"name":"wp","href":"https:\/\/api.w.org\/{rel}","templated":true}]}}